{"id":6203,"date":"2026-02-07T16:50:29","date_gmt":"2026-02-07T15:50:29","guid":{"rendered":"https:\/\/ethnic-community.org\/?page_id=6203"},"modified":"2026-02-07T17:15:01","modified_gmt":"2026-02-07T16:15:01","slug":"mentions-legales-2026","status":"publish","type":"page","link":"https:\/\/ethnic-community.org\/index.php\/mentions-legales-2026\/","title":{"rendered":"Mentions L\u00e9gales"},"content":{"rendered":"<div class=\"wpb-content-wrapper\"><p>[vc_row][vc_column][vc_column_text css=\u00a0\u00bb\u00a0\u00bb]<\/p>\n<h3 data-renderer-start-pos=\"46\"><span style=\"color: #ffffff;\"><strong data-renderer-mark=\"true\">Base juridique<\/strong><\/span><\/h3>\n<p><span style=\"color: #ffffff;\">Conform\u00e9ment \u00e0 la <strong data-renderer-mark=\"true\">Loi pour la Confiance dans l\u2019\u00c9conomie Num\u00e9rique (LCEN)<\/strong> du 21 juin 2004.<\/span><\/p>\n<h3 data-renderer-start-pos=\"152\"><span style=\"color: #ffffff;\">\u00c9diteur du site<\/span><\/h3>\n<ul>\n<li data-renderer-start-pos=\"171\"><span style=\"color: #ffffff;\"><strong data-renderer-mark=\"true\">Nom de la structure<\/strong> : Ethnic Community<\/span><\/li>\n<li data-renderer-start-pos=\"213\"><span style=\"color: #ffffff;\"><strong data-renderer-mark=\"true\">Statut juridique<\/strong> : Association loi 1901<\/span><\/li>\n<li data-renderer-start-pos=\"256\"><span style=\"color: #ffffff;\"><strong data-renderer-mark=\"true\">Adresse du si\u00e8ge social<\/strong> : 37 rue Gaston Maurer, 95870 Bezons, France<\/span><\/li>\n<li data-renderer-start-pos=\"328\"><span style=\"color: #ffffff;\"><strong data-renderer-mark=\"true\">Num\u00e9ro SIREN \/ SIRET<\/strong> : 891 198 566 00012<\/span><\/li>\n<\/ul>\n<h3 data-renderer-start-pos=\"372\"><span style=\"color: #ffffff;\">Directeur de la publication<\/span><\/h3>\n<ul>\n<li data-renderer-start-pos=\"403\"><span style=\"color: #ffffff;\"><strong data-renderer-mark=\"true\">Nom<\/strong> : Naim Yacoub<\/span><\/li>\n<li data-renderer-start-pos=\"424\"><span style=\"color: #ffffff;\"><strong data-renderer-mark=\"true\">Fonction<\/strong> : Pr\u00e9sident de l\u2019association Ethnic Community<\/span><\/li>\n<\/ul>\n<h3 data-renderer-start-pos=\"482\"><span style=\"color: #ffffff;\">H\u00e9bergeur du site<\/span><\/h3>\n<ul>\n<li data-renderer-start-pos=\"503\"><span style=\"color: #ffffff;\"><strong data-renderer-mark=\"true\">Raison sociale<\/strong> : OVH SAS<\/span><\/li>\n<li data-renderer-start-pos=\"531\"><span style=\"color: #ffffff;\"><strong data-renderer-mark=\"true\">Forme juridique<\/strong> : Soci\u00e9t\u00e9 par actions simplifi\u00e9e (SAS)<\/span><\/li>\n<li data-renderer-start-pos=\"589\"><span style=\"color: #ffffff;\"><strong data-renderer-mark=\"true\">Adresse<\/strong> : 2, rue Kellermann, 59100 Roubaix, France<\/span><\/li>\n<li data-renderer-start-pos=\"643\"><span style=\"color: #ffffff;\"><strong data-renderer-mark=\"true\">T\u00e9l\u00e9phone<\/strong> : +33 9 72 10 10 07<\/span><\/li>\n<\/ul>\n<h3 data-renderer-start-pos=\"676\"><span style=\"color: #ffffff;\">Propri\u00e9t\u00e9 intellectuelle<\/span><\/h3>\n<p data-renderer-start-pos=\"702\"><span style=\"color: #ffffff;\">L\u2019ensemble des contenus pr\u00e9sents sur le site (textes, images, vid\u00e9os, graphismes, logos, documents, sons, etc.) est prot\u00e9g\u00e9 par le droit de la propri\u00e9t\u00e9 intellectuelle.<\/span><br \/>\n<span style=\"color: #ffffff;\">Toute reproduction, repr\u00e9sentation, modification ou exploitation, totale ou partielle, sans autorisation pr\u00e9alable \u00e9crite d\u2019Ethnic Community est interdite.<\/span><\/p>\n<h3 data-renderer-start-pos=\"1028\"><span style=\"color: #ffffff;\">Limitation de responsabilit\u00e9<\/span><\/h3>\n<p data-renderer-start-pos=\"1058\"><span style=\"color: #ffffff;\">Ethnic Community s\u2019efforce d\u2019assurer l\u2019exactitude des informations diffus\u00e9es sur le site. Toutefois, elle ne saurait \u00eatre tenue responsable des erreurs, omissions ou de l\u2019indisponibilit\u00e9 temporaire des contenus.<\/span><br \/>\n<span style=\"color: #ffffff;\">Les liens externes pr\u00e9sents sur le site rel\u00e8vent de la responsabilit\u00e9 exclusive de leurs \u00e9diteurs.<\/span><\/p>\n<p>[\/vc_column_text][\/vc_column][\/vc_row]<\/p>\n<\/div>","protected":false},"excerpt":{"rendered":"<p>[vc_row][vc_column][vc_column_text css=\u00a0\u00bb\u00a0\u00bb] Base juridique Conform\u00e9ment \u00e0 la Loi pour la Confiance dans l\u2019\u00c9conomie Num\u00e9rique (LCEN) du 21 juin 2004. \u00c9diteur du site Nom de la structure : Ethnic Community Statut juridique : Association loi 1901 Adresse du si\u00e8ge social [&hellip;]<\/p>\n","protected":false},"author":2,"featured_media":0,"parent":0,"menu_order":0,"comment_status":"closed","ping_status":"closed","template":"","meta":{"footnotes":""},"type_artiste":[],"class_list":["post-6203","page","type-page","status-publish","hentry"],"yoast_head":"<!-- This site is optimized with the Yoast SEO plugin v27.3 - https:\/\/yoast.com\/product\/yoast-seo-wordpress\/ -->\n<title>Mentions L\u00e9gales - Ethnic Community<\/title>\n<meta name=\"robots\" content=\"index, follow, max-snippet:-1, max-image-preview:large, max-video-preview:-1\" \/>\n<link rel=\"canonical\" href=\"https:\/\/ethnic-community.org\/index.php\/mentions-legales-2026\/\" \/>\n<meta property=\"og:locale\" content=\"fr_FR\" \/>\n<meta property=\"og:type\" content=\"article\" \/>\n<meta property=\"og:title\" content=\"Mentions L\u00e9gales - Ethnic Community\" \/>\n<meta property=\"og:description\" content=\"[vc_row][vc_column][vc_column_text css=\u00a0\u00bb\u00a0\u00bb] Base juridique Conform\u00e9ment \u00e0 la Loi pour la Confiance dans l\u2019\u00c9conomie Num\u00e9rique (LCEN) du 21 juin 2004. \u00c9diteur du site Nom de la structure : Ethnic Community Statut juridique : Association loi 1901 Adresse du si\u00e8ge social [&hellip;]\" \/>\n<meta property=\"og:url\" content=\"https:\/\/ethnic-community.org\/index.php\/mentions-legales-2026\/\" \/>\n<meta property=\"og:site_name\" content=\"Ethnic Community\" \/>\n<meta property=\"article:publisher\" content=\"https:\/\/www.facebook.com\/ethniccommunity\" \/>\n<meta property=\"article:modified_time\" content=\"2026-02-07T16:15:01+00:00\" \/>\n<meta property=\"og:image\" content=\"https:\/\/i0.wp.com\/ethnic-community.org\/wp-content\/uploads\/2025\/05\/Frederika_Okami.jpg?fit=2560%2C1440&ssl=1\" \/>\n\t<meta property=\"og:image:width\" content=\"2560\" \/>\n\t<meta property=\"og:image:height\" content=\"1440\" \/>\n\t<meta property=\"og:image:type\" content=\"image\/jpeg\" \/>\n<meta name=\"twitter:card\" content=\"summary_large_image\" \/>\n<meta name=\"twitter:label1\" content=\"Dur\u00e9e de lecture estim\u00e9e\" \/>\n\t<meta name=\"twitter:data1\" content=\"1 minute\" \/>\n<script type=\"application\/ld+json\" class=\"yoast-schema-graph\">{\"@context\":\"https:\\\/\\\/schema.org\",\"@graph\":[{\"@type\":\"WebPage\",\"@id\":\"https:\\\/\\\/ethnic-community.org\\\/index.php\\\/mentions-legales-2026\\\/\",\"url\":\"https:\\\/\\\/ethnic-community.org\\\/index.php\\\/mentions-legales-2026\\\/\",\"name\":\"Mentions L\u00e9gales - Ethnic Community\",\"isPartOf\":{\"@id\":\"https:\\\/\\\/ethnic-community.org\\\/#website\"},\"datePublished\":\"2026-02-07T15:50:29+00:00\",\"dateModified\":\"2026-02-07T16:15:01+00:00\",\"breadcrumb\":{\"@id\":\"https:\\\/\\\/ethnic-community.org\\\/index.php\\\/mentions-legales-2026\\\/#breadcrumb\"},\"inLanguage\":\"fr-FR\",\"potentialAction\":[{\"@type\":\"ReadAction\",\"target\":[\"https:\\\/\\\/ethnic-community.org\\\/index.php\\\/mentions-legales-2026\\\/\"]}]},{\"@type\":\"BreadcrumbList\",\"@id\":\"https:\\\/\\\/ethnic-community.org\\\/index.php\\\/mentions-legales-2026\\\/#breadcrumb\",\"itemListElement\":[{\"@type\":\"ListItem\",\"position\":1,\"name\":\"Home\",\"item\":\"https:\\\/\\\/ethnic-community.org\\\/\"},{\"@type\":\"ListItem\",\"position\":2,\"name\":\"Mentions L\u00e9gales\"}]},{\"@type\":\"WebSite\",\"@id\":\"https:\\\/\\\/ethnic-community.org\\\/#website\",\"url\":\"https:\\\/\\\/ethnic-community.org\\\/\",\"name\":\"Ethnic Community\",\"description\":\"Celebrate diversity through art and culture.\",\"publisher\":{\"@id\":\"https:\\\/\\\/ethnic-community.org\\\/#organization\"},\"potentialAction\":[{\"@type\":\"SearchAction\",\"target\":{\"@type\":\"EntryPoint\",\"urlTemplate\":\"https:\\\/\\\/ethnic-community.org\\\/?s={search_term_string}\"},\"query-input\":{\"@type\":\"PropertyValueSpecification\",\"valueRequired\":true,\"valueName\":\"search_term_string\"}}],\"inLanguage\":\"fr-FR\"},{\"@type\":\"Organization\",\"@id\":\"https:\\\/\\\/ethnic-community.org\\\/#organization\",\"name\":\"Ethnic Community\",\"url\":\"https:\\\/\\\/ethnic-community.org\\\/\",\"logo\":{\"@type\":\"ImageObject\",\"inLanguage\":\"fr-FR\",\"@id\":\"https:\\\/\\\/ethnic-community.org\\\/#\\\/schema\\\/logo\\\/image\\\/\",\"url\":\"https:\\\/\\\/i0.wp.com\\\/ethnic-community.org\\\/wp-content\\\/uploads\\\/2024\\\/07\\\/cropped-Logo-ETHNIC-1-2.png?fit=1467%2C1509&ssl=1\",\"contentUrl\":\"https:\\\/\\\/i0.wp.com\\\/ethnic-community.org\\\/wp-content\\\/uploads\\\/2024\\\/07\\\/cropped-Logo-ETHNIC-1-2.png?fit=1467%2C1509&ssl=1\",\"width\":1467,\"height\":1509,\"caption\":\"Ethnic Community\"},\"image\":{\"@id\":\"https:\\\/\\\/ethnic-community.org\\\/#\\\/schema\\\/logo\\\/image\\\/\"},\"sameAs\":[\"https:\\\/\\\/www.facebook.com\\\/ethniccommunity\",\"https:\\\/\\\/www.instagram.com\\\/ethnic_community\"]}]}<\/script>\n<!-- \/ Yoast SEO plugin. -->","yoast_head_json":{"title":"Mentions L\u00e9gales - Ethnic Community","robots":{"index":"index","follow":"follow","max-snippet":"max-snippet:-1","max-image-preview":"max-image-preview:large","max-video-preview":"max-video-preview:-1"},"canonical":"https:\/\/ethnic-community.org\/index.php\/mentions-legales-2026\/","og_locale":"fr_FR","og_type":"article","og_title":"Mentions L\u00e9gales - Ethnic Community","og_description":"[vc_row][vc_column][vc_column_text css=\u00a0\u00bb\u00a0\u00bb] Base juridique Conform\u00e9ment \u00e0 la Loi pour la Confiance dans l\u2019\u00c9conomie Num\u00e9rique (LCEN) du 21 juin 2004. \u00c9diteur du site Nom de la structure : Ethnic Community Statut juridique : Association loi 1901 Adresse du si\u00e8ge social [&hellip;]","og_url":"https:\/\/ethnic-community.org\/index.php\/mentions-legales-2026\/","og_site_name":"Ethnic Community","article_publisher":"https:\/\/www.facebook.com\/ethniccommunity","article_modified_time":"2026-02-07T16:15:01+00:00","og_image":[{"width":2560,"height":1440,"url":"https:\/\/i0.wp.com\/ethnic-community.org\/wp-content\/uploads\/2025\/05\/Frederika_Okami.jpg?fit=2560%2C1440&ssl=1","type":"image\/jpeg"}],"twitter_card":"summary_large_image","twitter_misc":{"Dur\u00e9e de lecture estim\u00e9e":"1 minute"},"schema":{"@context":"https:\/\/schema.org","@graph":[{"@type":"WebPage","@id":"https:\/\/ethnic-community.org\/index.php\/mentions-legales-2026\/","url":"https:\/\/ethnic-community.org\/index.php\/mentions-legales-2026\/","name":"Mentions L\u00e9gales - Ethnic Community","isPartOf":{"@id":"https:\/\/ethnic-community.org\/#website"},"datePublished":"2026-02-07T15:50:29+00:00","dateModified":"2026-02-07T16:15:01+00:00","breadcrumb":{"@id":"https:\/\/ethnic-community.org\/index.php\/mentions-legales-2026\/#breadcrumb"},"inLanguage":"fr-FR","potentialAction":[{"@type":"ReadAction","target":["https:\/\/ethnic-community.org\/index.php\/mentions-legales-2026\/"]}]},{"@type":"BreadcrumbList","@id":"https:\/\/ethnic-community.org\/index.php\/mentions-legales-2026\/#breadcrumb","itemListElement":[{"@type":"ListItem","position":1,"name":"Home","item":"https:\/\/ethnic-community.org\/"},{"@type":"ListItem","position":2,"name":"Mentions L\u00e9gales"}]},{"@type":"WebSite","@id":"https:\/\/ethnic-community.org\/#website","url":"https:\/\/ethnic-community.org\/","name":"Ethnic Community","description":"Celebrate diversity through art and culture.","publisher":{"@id":"https:\/\/ethnic-community.org\/#organization"},"potentialAction":[{"@type":"SearchAction","target":{"@type":"EntryPoint","urlTemplate":"https:\/\/ethnic-community.org\/?s={search_term_string}"},"query-input":{"@type":"PropertyValueSpecification","valueRequired":true,"valueName":"search_term_string"}}],"inLanguage":"fr-FR"},{"@type":"Organization","@id":"https:\/\/ethnic-community.org\/#organization","name":"Ethnic Community","url":"https:\/\/ethnic-community.org\/","logo":{"@type":"ImageObject","inLanguage":"fr-FR","@id":"https:\/\/ethnic-community.org\/#\/schema\/logo\/image\/","url":"https:\/\/i0.wp.com\/ethnic-community.org\/wp-content\/uploads\/2024\/07\/cropped-Logo-ETHNIC-1-2.png?fit=1467%2C1509&ssl=1","contentUrl":"https:\/\/i0.wp.com\/ethnic-community.org\/wp-content\/uploads\/2024\/07\/cropped-Logo-ETHNIC-1-2.png?fit=1467%2C1509&ssl=1","width":1467,"height":1509,"caption":"Ethnic Community"},"image":{"@id":"https:\/\/ethnic-community.org\/#\/schema\/logo\/image\/"},"sameAs":["https:\/\/www.facebook.com\/ethniccommunity","https:\/\/www.instagram.com\/ethnic_community"]}]}},"jetpack-related-posts":[],"jetpack_sharing_enabled":true,"_links":{"self":[{"href":"https:\/\/ethnic-community.org\/index.php\/wp-json\/wp\/v2\/pages\/6203","targetHints":{"allow":["GET"]}}],"collection":[{"href":"https:\/\/ethnic-community.org\/index.php\/wp-json\/wp\/v2\/pages"}],"about":[{"href":"https:\/\/ethnic-community.org\/index.php\/wp-json\/wp\/v2\/types\/page"}],"author":[{"embeddable":true,"href":"https:\/\/ethnic-community.org\/index.php\/wp-json\/wp\/v2\/users\/2"}],"replies":[{"embeddable":true,"href":"https:\/\/ethnic-community.org\/index.php\/wp-json\/wp\/v2\/comments?post=6203"}],"version-history":[{"count":3,"href":"https:\/\/ethnic-community.org\/index.php\/wp-json\/wp\/v2\/pages\/6203\/revisions"}],"predecessor-version":[{"id":6206,"href":"https:\/\/ethnic-community.org\/index.php\/wp-json\/wp\/v2\/pages\/6203\/revisions\/6206"}],"wp:attachment":[{"href":"https:\/\/ethnic-community.org\/index.php\/wp-json\/wp\/v2\/media?parent=6203"}],"wp:term":[{"taxonomy":"type_artiste","embeddable":true,"href":"https:\/\/ethnic-community.org\/index.php\/wp-json\/wp\/v2\/type_artiste?post=6203"}],"curies":[{"name":"wp","href":"https:\/\/api.w.org\/{rel}","templated":true}]}}