{"id":6207,"date":"2026-02-07T17:04:49","date_gmt":"2026-02-07T16:04:49","guid":{"rendered":"https:\/\/ethnic-community.org\/?page_id=6207"},"modified":"2026-02-07T17:15:19","modified_gmt":"2026-02-07T16:15:19","slug":"politique-de-confidentialite-protection-des-donnees-2026","status":"publish","type":"page","link":"https:\/\/ethnic-community.org\/index.php\/politique-de-confidentialite-protection-des-donnees-2026\/","title":{"rendered":"Politique de confidentialit\u00e9 \/ protection des donn\u00e9es"},"content":{"rendered":"<div class=\"wpb-content-wrapper\"><p>[vc_row][vc_column][vc_column_text css=\u00a0\u00bb\u00a0\u00bb]<\/p>\n<h3 data-renderer-start-pos=\"1432\"><span style=\"color: #ffffff;\"><strong data-renderer-mark=\"true\">Base l\u00e9gale<\/strong><\/span><\/h3>\n<p><span style=\"color: #ffffff;\">Cette politique est \u00e9tablie conform\u00e9ment au <strong data-renderer-mark=\"true\">R\u00e8glement G\u00e9n\u00e9ral sur la Protection des Donn\u00e9es (RGPD \u2013 UE 2016\/679)<\/strong> et \u00e0 la loi Informatique et Libert\u00e9s.<\/span><\/p>\n<h3 data-renderer-start-pos=\"1596\"><span style=\"color: #ffffff;\">Donn\u00e9es collect\u00e9es<\/span><\/h3>\n<p data-renderer-start-pos=\"1616\"><span style=\"color: #ffffff;\">Les donn\u00e9es susceptibles d\u2019\u00eatre collect\u00e9es sont notamment :<\/span><\/p>\n<ul class=\"ak-ul\" data-indent-level=\"1\">\n<li>\n<p data-renderer-start-pos=\"1679\"><span style=\"color: #ffffff;\">Donn\u00e9es d\u2019identification (nom, pr\u00e9nom, email)<\/span><\/p>\n<\/li>\n<li>\n<p data-renderer-start-pos=\"1728\"><span style=\"color: #ffffff;\">Donn\u00e9es transmises via les formulaires de contact ou d\u2019inscription<\/span><\/p>\n<\/li>\n<li>\n<p data-renderer-start-pos=\"1798\"><span style=\"color: #ffffff;\">Donn\u00e9es techniques (adresse IP, type de navigateur)<\/span><\/p>\n<\/li>\n<li>\n<p data-renderer-start-pos=\"1853\"><span style=\"color: #ffffff;\">Cookies (voir politique cookies)<\/span><\/p>\n<\/li>\n<\/ul>\n<h3 data-renderer-start-pos=\"1889\"><span style=\"color: #ffffff;\">Finalit\u00e9s du traitement<\/span><\/h3>\n<p data-renderer-start-pos=\"1914\"><span style=\"color: #ffffff;\">Les donn\u00e9es sont collect\u00e9es pour :<\/span><\/p>\n<ul class=\"ak-ul\" data-indent-level=\"1\">\n<li>\n<p data-renderer-start-pos=\"1952\"><span style=\"color: #ffffff;\">R\u00e9pondre aux demandes via les formulaires<\/span><\/p>\n<\/li>\n<li>\n<p data-renderer-start-pos=\"1997\"><span style=\"color: #ffffff;\">G\u00e9rer les inscriptions et la relation avec les membres\/partenaires<\/span><\/p>\n<\/li>\n<li>\n<p data-renderer-start-pos=\"2067\"><span style=\"color: #ffffff;\">Produire des statistiques de fr\u00e9quentation<\/span><\/p>\n<\/li>\n<li>\n<p data-renderer-start-pos=\"2113\"><span style=\"color: #ffffff;\">Am\u00e9liorer le fonctionnement et le contenu du site<\/span><\/p>\n<\/li>\n<\/ul>\n<h3 data-renderer-start-pos=\"2166\"><span style=\"color: #ffffff;\">Dur\u00e9e de conservation<\/span><\/h3>\n<p data-renderer-start-pos=\"2189\"><span style=\"color: #ffffff;\">Les donn\u00e9es sont conserv\u00e9es uniquement pour la dur\u00e9e n\u00e9cessaire aux finalit\u00e9s pour lesquelles elles ont \u00e9t\u00e9 collect\u00e9es, sauf obligation l\u00e9gale contraire.<\/span><\/p>\n<h3 data-renderer-start-pos=\"2344\"><span style=\"color: #ffffff;\">Droits des utilisateurs<\/span><\/h3>\n<p data-renderer-start-pos=\"2369\"><span style=\"color: #ffffff;\">Conform\u00e9ment au RGPD, vous disposez des droits suivants :<\/span><\/p>\n<ul class=\"ak-ul\" data-indent-level=\"1\">\n<li>\n<p data-renderer-start-pos=\"2430\"><span style=\"color: #ffffff;\">Droit d\u2019acc\u00e8s<\/span><\/p>\n<\/li>\n<li>\n<p data-renderer-start-pos=\"2447\"><span style=\"color: #ffffff;\">Droit de rectification<\/span><\/p>\n<\/li>\n<li>\n<p data-renderer-start-pos=\"2473\"><span style=\"color: #ffffff;\">Droit \u00e0 l\u2019effacement<\/span><\/p>\n<\/li>\n<li>\n<p data-renderer-start-pos=\"2497\"><span style=\"color: #ffffff;\">Droit d\u2019opposition<\/span><\/p>\n<\/li>\n<li>\n<p data-renderer-start-pos=\"2519\"><span style=\"color: #ffffff;\">Droit \u00e0 la portabilit\u00e9 des donn\u00e9es<\/span><\/p>\n<\/li>\n<li>\n<p data-renderer-start-pos=\"2557\"><span style=\"color: #ffffff;\">Droit \u00e0 la limitation du traitement<\/span><\/p>\n<\/li>\n<\/ul>\n<p data-renderer-start-pos=\"2596\"><span style=\"color: #ffffff;\">Pour exercer ces droits, vous pouvez contacter :<\/span><br \/>\n<span style=\"color: #ffffff;\"><a class=\"_ymio1r31 _ypr0glyw _zcxs1o36 _mizu194a _1ah3dkaa _ra3xnqa1 _128mdkaa _1cvmnqa1 _4davt94y _4bfu1r31 _1hms8stv _ajmmnqa1 _vchhusvi _kqswh2mm _syaz13af _ect41gqc _1a3b1r31 _4fpr8stv _5goinqa1 _f8pj13af _9oik1r31 _1bnxglyw _jf4cnqa1 _30l313af _1nrm1r31 _c2waglyw _1iohnqa1 _9h8h12zz _10531ra0 _1ien1ra0 _n0fx1ra0 _1vhv17z1\" style=\"color: #ffffff;\" title=\"mailto:contact@ethnic-community.org\" href=\"mailto:contact@ethnic-community.org\" data-renderer-mark=\"true\" data-is-router-link=\"false\" data-testid=\"link-with-safety\"><strong data-renderer-mark=\"true\">contact@ethnic-community.org<\/strong><\/a><\/span><\/p>\n<h3 data-renderer-start-pos=\"2675\"><span style=\"color: #ffffff;\">S\u00e9curit\u00e9<\/span><\/h3>\n<p data-renderer-start-pos=\"2685\"><span style=\"color: #ffffff;\">Ethnic Community met en \u0153uvre des mesures techniques et organisationnelles appropri\u00e9es pour prot\u00e9ger les donn\u00e9es personnelles contre tout acc\u00e8s non autoris\u00e9, perte ou alt\u00e9ration.<\/span><\/p>\n<h3 data-renderer-start-pos=\"2865\"><span style=\"color: #ffffff;\">Autorit\u00e9 de contr\u00f4le<\/span><\/h3>\n<p data-renderer-start-pos=\"2887\"><span style=\"color: #ffffff;\">Vous pouvez introduire une r\u00e9clamation aupr\u00e8s de la <strong data-renderer-mark=\"true\">CNIL<\/strong> (<span class=\"loader-wrapper\"><a class=\"_1yt4x7n9 _2rko12b0 _v56415x0 _1e0c1nu9 _16d9qvcn _syaz1y58 _1rkwglyw _4cvxmr28 _19it1x13 _bfhkhp5a _1a3b1r31 _4fprglyw _5goinqa1 _9oik1r31 _1bnxglyw _jf4cnqa1 _1nrm1r31 _c2waglyw _1iohnqa1 _uizt1kdv _nt751r31 _49pcglyw _1hvw1o36 _1372tlke _7ehicw00 _1j5pglyw _1di629zg\" style=\"color: #ffffff;\" tabindex=\"0\" role=\"button\" href=\"http:\/\/www.cnil.fr\/\" data-testid=\"inline-card-resolved-view\"><span class=\"_19itglyw _vchhusvi _r06hglyw _o5721jtm _1nmz9jpi _16d9qvcn _ca0qv77o _u5f31b66 _n3tdv77o _19bv1b66\" data-testid=\"inline-card-icon-and-title\"><span class=\"_19itglyw _vchhusvi _r06hglyw\">Particulier | CNIL<\/span><\/span><\/a><\/span> ) si vous estimez que vos droits ne sont pas respect\u00e9s.<\/span><\/p>\n<hr role=\"presentation\" \/>\n<p>[\/vc_column_text][\/vc_column][\/vc_row]<\/p>\n<\/div>","protected":false},"excerpt":{"rendered":"<p>[vc_row][vc_column][vc_column_text css=\u00a0\u00bb\u00a0\u00bb] Base l\u00e9gale Cette politique est \u00e9tablie conform\u00e9ment au R\u00e8glement G\u00e9n\u00e9ral sur la Protection des Donn\u00e9es (RGPD \u2013 UE 2016\/679) et \u00e0 la loi Informatique et Libert\u00e9s. Donn\u00e9es collect\u00e9es Les donn\u00e9es susceptibles d\u2019\u00eatre collect\u00e9es sont notamment : Donn\u00e9es [&hellip;]<\/p>\n","protected":false},"author":2,"featured_media":0,"parent":0,"menu_order":0,"comment_status":"closed","ping_status":"closed","template":"","meta":{"footnotes":""},"type_artiste":[],"class_list":["post-6207","page","type-page","status-publish","hentry"],"yoast_head":"<!-- This site is optimized with the Yoast SEO plugin v27.4 - https:\/\/yoast.com\/product\/yoast-seo-wordpress\/ -->\n<title>Politique de confidentialit\u00e9 \/ protection des donn\u00e9es - Ethnic Community<\/title>\n<meta name=\"robots\" content=\"index, follow, max-snippet:-1, max-image-preview:large, max-video-preview:-1\" \/>\n<link rel=\"canonical\" href=\"https:\/\/ethnic-community.org\/index.php\/politique-de-confidentialite-protection-des-donnees-2026\/\" \/>\n<meta property=\"og:locale\" content=\"fr_FR\" \/>\n<meta property=\"og:type\" content=\"article\" \/>\n<meta property=\"og:title\" content=\"Politique de confidentialit\u00e9 \/ protection des donn\u00e9es - Ethnic Community\" \/>\n<meta property=\"og:description\" content=\"[vc_row][vc_column][vc_column_text css=\u00a0\u00bb\u00a0\u00bb] Base l\u00e9gale Cette politique est \u00e9tablie conform\u00e9ment au R\u00e8glement G\u00e9n\u00e9ral sur la Protection des Donn\u00e9es (RGPD \u2013 UE 2016\/679) et \u00e0 la loi Informatique et Libert\u00e9s. Donn\u00e9es collect\u00e9es Les donn\u00e9es susceptibles d\u2019\u00eatre collect\u00e9es sont notamment : Donn\u00e9es [&hellip;]\" \/>\n<meta property=\"og:url\" content=\"https:\/\/ethnic-community.org\/index.php\/politique-de-confidentialite-protection-des-donnees-2026\/\" \/>\n<meta property=\"og:site_name\" content=\"Ethnic Community\" \/>\n<meta property=\"article:publisher\" content=\"https:\/\/www.facebook.com\/ethniccommunity\" \/>\n<meta property=\"article:modified_time\" content=\"2026-02-07T16:15:19+00:00\" \/>\n<meta property=\"og:image\" content=\"https:\/\/i0.wp.com\/ethnic-community.org\/wp-content\/uploads\/2025\/05\/Frederika_Okami.jpg?fit=2560%2C1440&ssl=1\" \/>\n\t<meta property=\"og:image:width\" content=\"2560\" \/>\n\t<meta property=\"og:image:height\" content=\"1440\" \/>\n\t<meta property=\"og:image:type\" content=\"image\/jpeg\" \/>\n<meta name=\"twitter:card\" content=\"summary_large_image\" \/>\n<meta name=\"twitter:label1\" content=\"Dur\u00e9e de lecture estim\u00e9e\" \/>\n\t<meta name=\"twitter:data1\" content=\"2 minutes\" \/>\n<script type=\"application\/ld+json\" class=\"yoast-schema-graph\">{\"@context\":\"https:\\\/\\\/schema.org\",\"@graph\":[{\"@type\":\"WebPage\",\"@id\":\"https:\\\/\\\/ethnic-community.org\\\/index.php\\\/politique-de-confidentialite-protection-des-donnees-2026\\\/\",\"url\":\"https:\\\/\\\/ethnic-community.org\\\/index.php\\\/politique-de-confidentialite-protection-des-donnees-2026\\\/\",\"name\":\"Politique de confidentialit\u00e9 \\\/ protection des donn\u00e9es - Ethnic Community\",\"isPartOf\":{\"@id\":\"https:\\\/\\\/ethnic-community.org\\\/#website\"},\"datePublished\":\"2026-02-07T16:04:49+00:00\",\"dateModified\":\"2026-02-07T16:15:19+00:00\",\"breadcrumb\":{\"@id\":\"https:\\\/\\\/ethnic-community.org\\\/index.php\\\/politique-de-confidentialite-protection-des-donnees-2026\\\/#breadcrumb\"},\"inLanguage\":\"fr-FR\",\"potentialAction\":[{\"@type\":\"ReadAction\",\"target\":[\"https:\\\/\\\/ethnic-community.org\\\/index.php\\\/politique-de-confidentialite-protection-des-donnees-2026\\\/\"]}]},{\"@type\":\"BreadcrumbList\",\"@id\":\"https:\\\/\\\/ethnic-community.org\\\/index.php\\\/politique-de-confidentialite-protection-des-donnees-2026\\\/#breadcrumb\",\"itemListElement\":[{\"@type\":\"ListItem\",\"position\":1,\"name\":\"Home\",\"item\":\"https:\\\/\\\/ethnic-community.org\\\/\"},{\"@type\":\"ListItem\",\"position\":2,\"name\":\"Politique de confidentialit\u00e9 \\\/ protection des donn\u00e9es\"}]},{\"@type\":\"WebSite\",\"@id\":\"https:\\\/\\\/ethnic-community.org\\\/#website\",\"url\":\"https:\\\/\\\/ethnic-community.org\\\/\",\"name\":\"Ethnic Community\",\"description\":\"Celebrate diversity through art and culture.\",\"publisher\":{\"@id\":\"https:\\\/\\\/ethnic-community.org\\\/#organization\"},\"potentialAction\":[{\"@type\":\"SearchAction\",\"target\":{\"@type\":\"EntryPoint\",\"urlTemplate\":\"https:\\\/\\\/ethnic-community.org\\\/?s={search_term_string}\"},\"query-input\":{\"@type\":\"PropertyValueSpecification\",\"valueRequired\":true,\"valueName\":\"search_term_string\"}}],\"inLanguage\":\"fr-FR\"},{\"@type\":\"Organization\",\"@id\":\"https:\\\/\\\/ethnic-community.org\\\/#organization\",\"name\":\"Ethnic Community\",\"url\":\"https:\\\/\\\/ethnic-community.org\\\/\",\"logo\":{\"@type\":\"ImageObject\",\"inLanguage\":\"fr-FR\",\"@id\":\"https:\\\/\\\/ethnic-community.org\\\/#\\\/schema\\\/logo\\\/image\\\/\",\"url\":\"https:\\\/\\\/i0.wp.com\\\/ethnic-community.org\\\/wp-content\\\/uploads\\\/2024\\\/07\\\/cropped-Logo-ETHNIC-1-2.png?fit=1467%2C1509&ssl=1\",\"contentUrl\":\"https:\\\/\\\/i0.wp.com\\\/ethnic-community.org\\\/wp-content\\\/uploads\\\/2024\\\/07\\\/cropped-Logo-ETHNIC-1-2.png?fit=1467%2C1509&ssl=1\",\"width\":1467,\"height\":1509,\"caption\":\"Ethnic Community\"},\"image\":{\"@id\":\"https:\\\/\\\/ethnic-community.org\\\/#\\\/schema\\\/logo\\\/image\\\/\"},\"sameAs\":[\"https:\\\/\\\/www.facebook.com\\\/ethniccommunity\",\"https:\\\/\\\/www.instagram.com\\\/ethnic_community\"]}]}<\/script>\n<!-- \/ Yoast SEO plugin. -->","yoast_head_json":{"title":"Politique de confidentialit\u00e9 \/ protection des donn\u00e9es - Ethnic Community","robots":{"index":"index","follow":"follow","max-snippet":"max-snippet:-1","max-image-preview":"max-image-preview:large","max-video-preview":"max-video-preview:-1"},"canonical":"https:\/\/ethnic-community.org\/index.php\/politique-de-confidentialite-protection-des-donnees-2026\/","og_locale":"fr_FR","og_type":"article","og_title":"Politique de confidentialit\u00e9 \/ protection des donn\u00e9es - Ethnic Community","og_description":"[vc_row][vc_column][vc_column_text css=\u00a0\u00bb\u00a0\u00bb] Base l\u00e9gale Cette politique est \u00e9tablie conform\u00e9ment au R\u00e8glement G\u00e9n\u00e9ral sur la Protection des Donn\u00e9es (RGPD \u2013 UE 2016\/679) et \u00e0 la loi Informatique et Libert\u00e9s. Donn\u00e9es collect\u00e9es Les donn\u00e9es susceptibles d\u2019\u00eatre collect\u00e9es sont notamment : Donn\u00e9es [&hellip;]","og_url":"https:\/\/ethnic-community.org\/index.php\/politique-de-confidentialite-protection-des-donnees-2026\/","og_site_name":"Ethnic Community","article_publisher":"https:\/\/www.facebook.com\/ethniccommunity","article_modified_time":"2026-02-07T16:15:19+00:00","og_image":[{"width":2560,"height":1440,"url":"https:\/\/i0.wp.com\/ethnic-community.org\/wp-content\/uploads\/2025\/05\/Frederika_Okami.jpg?fit=2560%2C1440&ssl=1","type":"image\/jpeg"}],"twitter_card":"summary_large_image","twitter_misc":{"Dur\u00e9e de lecture estim\u00e9e":"2 minutes"},"schema":{"@context":"https:\/\/schema.org","@graph":[{"@type":"WebPage","@id":"https:\/\/ethnic-community.org\/index.php\/politique-de-confidentialite-protection-des-donnees-2026\/","url":"https:\/\/ethnic-community.org\/index.php\/politique-de-confidentialite-protection-des-donnees-2026\/","name":"Politique de confidentialit\u00e9 \/ protection des donn\u00e9es - Ethnic Community","isPartOf":{"@id":"https:\/\/ethnic-community.org\/#website"},"datePublished":"2026-02-07T16:04:49+00:00","dateModified":"2026-02-07T16:15:19+00:00","breadcrumb":{"@id":"https:\/\/ethnic-community.org\/index.php\/politique-de-confidentialite-protection-des-donnees-2026\/#breadcrumb"},"inLanguage":"fr-FR","potentialAction":[{"@type":"ReadAction","target":["https:\/\/ethnic-community.org\/index.php\/politique-de-confidentialite-protection-des-donnees-2026\/"]}]},{"@type":"BreadcrumbList","@id":"https:\/\/ethnic-community.org\/index.php\/politique-de-confidentialite-protection-des-donnees-2026\/#breadcrumb","itemListElement":[{"@type":"ListItem","position":1,"name":"Home","item":"https:\/\/ethnic-community.org\/"},{"@type":"ListItem","position":2,"name":"Politique de confidentialit\u00e9 \/ protection des donn\u00e9es"}]},{"@type":"WebSite","@id":"https:\/\/ethnic-community.org\/#website","url":"https:\/\/ethnic-community.org\/","name":"Ethnic Community","description":"Celebrate diversity through art and culture.","publisher":{"@id":"https:\/\/ethnic-community.org\/#organization"},"potentialAction":[{"@type":"SearchAction","target":{"@type":"EntryPoint","urlTemplate":"https:\/\/ethnic-community.org\/?s={search_term_string}"},"query-input":{"@type":"PropertyValueSpecification","valueRequired":true,"valueName":"search_term_string"}}],"inLanguage":"fr-FR"},{"@type":"Organization","@id":"https:\/\/ethnic-community.org\/#organization","name":"Ethnic Community","url":"https:\/\/ethnic-community.org\/","logo":{"@type":"ImageObject","inLanguage":"fr-FR","@id":"https:\/\/ethnic-community.org\/#\/schema\/logo\/image\/","url":"https:\/\/i0.wp.com\/ethnic-community.org\/wp-content\/uploads\/2024\/07\/cropped-Logo-ETHNIC-1-2.png?fit=1467%2C1509&ssl=1","contentUrl":"https:\/\/i0.wp.com\/ethnic-community.org\/wp-content\/uploads\/2024\/07\/cropped-Logo-ETHNIC-1-2.png?fit=1467%2C1509&ssl=1","width":1467,"height":1509,"caption":"Ethnic Community"},"image":{"@id":"https:\/\/ethnic-community.org\/#\/schema\/logo\/image\/"},"sameAs":["https:\/\/www.facebook.com\/ethniccommunity","https:\/\/www.instagram.com\/ethnic_community"]}]}},"jetpack-related-posts":[],"jetpack_sharing_enabled":true,"_links":{"self":[{"href":"https:\/\/ethnic-community.org\/index.php\/wp-json\/wp\/v2\/pages\/6207","targetHints":{"allow":["GET"]}}],"collection":[{"href":"https:\/\/ethnic-community.org\/index.php\/wp-json\/wp\/v2\/pages"}],"about":[{"href":"https:\/\/ethnic-community.org\/index.php\/wp-json\/wp\/v2\/types\/page"}],"author":[{"embeddable":true,"href":"https:\/\/ethnic-community.org\/index.php\/wp-json\/wp\/v2\/users\/2"}],"replies":[{"embeddable":true,"href":"https:\/\/ethnic-community.org\/index.php\/wp-json\/wp\/v2\/comments?post=6207"}],"version-history":[{"count":3,"href":"https:\/\/ethnic-community.org\/index.php\/wp-json\/wp\/v2\/pages\/6207\/revisions"}],"predecessor-version":[{"id":6210,"href":"https:\/\/ethnic-community.org\/index.php\/wp-json\/wp\/v2\/pages\/6207\/revisions\/6210"}],"wp:attachment":[{"href":"https:\/\/ethnic-community.org\/index.php\/wp-json\/wp\/v2\/media?parent=6207"}],"wp:term":[{"taxonomy":"type_artiste","embeddable":true,"href":"https:\/\/ethnic-community.org\/index.php\/wp-json\/wp\/v2\/type_artiste?post=6207"}],"curies":[{"name":"wp","href":"https:\/\/api.w.org\/{rel}","templated":true}]}}