{"id":1092,"date":"2019-02-17T10:40:59","date_gmt":"2019-02-17T10:40:59","guid":{"rendered":"https:\/\/vibra.edge-themes.com\/?post_type=product&#038;p=1092"},"modified":"2025-07-08T16:22:59","modified_gmt":"2025-07-08T14:22:59","slug":"location-table-de-mixage-djm-a9","status":"publish","type":"product","link":"https:\/\/ethnic-community.org\/index.php\/product\/location-table-de-mixage-djm-a9\/","title":{"rendered":"Location table de mixage DJM A9"},"content":{"rendered":"<p>Location table de mixage pro DJ num\u00e9rique 4 voies DJM-A9 Pioneer.<\/p>\n<p>La DJM-A9 \u00e0 4 voies place tout de suite la barre plus haut pour les tables de mixage des clubs, en apportant d&rsquo;\u00e9normes am\u00e9liorations par rapport \u00e0 sa pr\u00e9d\u00e9cesseure, la DJM-900NXS2 : un son d&rsquo;une clart\u00e9 \u00e9poustouflante, une jouabilit\u00e9 et une connectivit\u00e9 am\u00e9lior\u00e9es, et une foule de nouvelles fonctions pour vous aider \u00e0 faire \u00e9voluer votre DJing et ainsi \u00e0 passer au niveau sup\u00e9rieur. La DJM-A9 a \u00e9galement \u00e9t\u00e9 am\u00e9lior\u00e9e \u00e0 la mani\u00e8re d&rsquo;un instrument de musique pour offrir des performances plus dynamiques et \u00e9motionnelles, tout en conservant les fonctions et la pr\u00e9sentation qui sont devenues une r\u00e9f\u00e9rence dans les clubs.<\/p>\n","protected":false},"excerpt":{"rendered":"<p>Lorem ipsum dolor sit amet, consectetur adipiscing elit. Nullam blandit hendrerit faucibus. Suspendisse hendrerit turpis dui, eget ultricies erat consequat ut. Sed ac velit iaculis.<\/p>\n","protected":false},"featured_media":5436,"comment_status":"open","ping_status":"closed","template":"","meta":[],"product_brand":[],"product_cat":[41],"product_tag":[98],"class_list":{"0":"post-1092","1":"product","2":"type-product","3":"status-publish","4":"has-post-thumbnail","6":"product_cat-uncategorized","7":"product_tag-retro","9":"first","10":"instock","11":"shipping-taxable","12":"product-type-simple"},"yoast_head":"<!-- This site is optimized with the Yoast SEO plugin v27.5 - https:\/\/yoast.com\/product\/yoast-seo-wordpress\/ -->\n<title>Location table de mixage DJM A9 - Ethnic Community<\/title>\n<meta name=\"robots\" content=\"index, follow, max-snippet:-1, max-image-preview:large, max-video-preview:-1\" \/>\n<link rel=\"canonical\" href=\"https:\/\/ethnic-community.org\/index.php\/product\/location-table-de-mixage-djm-a9\/\" \/>\n<meta property=\"og:locale\" content=\"fr_FR\" \/>\n<meta property=\"og:type\" content=\"article\" \/>\n<meta property=\"og:title\" content=\"Location table de mixage DJM A9 - Ethnic Community\" \/>\n<meta property=\"og:description\" content=\"Lorem ipsum dolor sit amet, consectetur adipiscing elit. Nullam blandit hendrerit faucibus. Suspendisse hendrerit turpis dui, eget ultricies erat consequat ut. Sed ac velit iaculis.\" \/>\n<meta property=\"og:url\" content=\"https:\/\/ethnic-community.org\/index.php\/product\/location-table-de-mixage-djm-a9\/\" \/>\n<meta property=\"og:site_name\" content=\"Ethnic Community\" \/>\n<meta property=\"article:publisher\" content=\"https:\/\/www.facebook.com\/ethniccommunity\" \/>\n<meta property=\"article:modified_time\" content=\"2025-07-08T14:22:59+00:00\" \/>\n<meta property=\"og:image\" content=\"https:\/\/ethnic-community.org\/wp-content\/uploads\/2019\/02\/location-lyon-table-de-mixage-djm-a9.jpg\" \/>\n\t<meta property=\"og:image:width\" content=\"1634\" \/>\n\t<meta property=\"og:image:height\" content=\"1200\" \/>\n\t<meta property=\"og:image:type\" content=\"image\/jpeg\" \/>\n<meta name=\"twitter:card\" content=\"summary_large_image\" \/>\n<meta name=\"twitter:label1\" content=\"Dur\u00e9e de lecture estim\u00e9e\" \/>\n\t<meta name=\"twitter:data1\" content=\"1 minute\" \/>\n<script type=\"application\/ld+json\" class=\"yoast-schema-graph\">{\"@context\":\"https:\\\/\\\/schema.org\",\"@graph\":[{\"@type\":\"WebPage\",\"@id\":\"https:\\\/\\\/ethnic-community.org\\\/index.php\\\/product\\\/location-table-de-mixage-djm-a9\\\/\",\"url\":\"https:\\\/\\\/ethnic-community.org\\\/index.php\\\/product\\\/location-table-de-mixage-djm-a9\\\/\",\"name\":\"Location table de mixage DJM A9 - Ethnic Community\",\"isPartOf\":{\"@id\":\"https:\\\/\\\/ethnic-community.org\\\/#website\"},\"primaryImageOfPage\":{\"@id\":\"https:\\\/\\\/ethnic-community.org\\\/index.php\\\/product\\\/location-table-de-mixage-djm-a9\\\/#primaryimage\"},\"image\":{\"@id\":\"https:\\\/\\\/ethnic-community.org\\\/index.php\\\/product\\\/location-table-de-mixage-djm-a9\\\/#primaryimage\"},\"thumbnailUrl\":\"https:\\\/\\\/i0.wp.com\\\/ethnic-community.org\\\/wp-content\\\/uploads\\\/2019\\\/02\\\/location-lyon-table-de-mixage-djm-a9.jpg?fit=1634%2C1200&ssl=1\",\"datePublished\":\"2019-02-17T10:40:59+00:00\",\"dateModified\":\"2025-07-08T14:22:59+00:00\",\"breadcrumb\":{\"@id\":\"https:\\\/\\\/ethnic-community.org\\\/index.php\\\/product\\\/location-table-de-mixage-djm-a9\\\/#breadcrumb\"},\"inLanguage\":\"fr-FR\",\"potentialAction\":[{\"@type\":\"ReadAction\",\"target\":[\"https:\\\/\\\/ethnic-community.org\\\/index.php\\\/product\\\/location-table-de-mixage-djm-a9\\\/\"]}]},{\"@type\":\"ImageObject\",\"inLanguage\":\"fr-FR\",\"@id\":\"https:\\\/\\\/ethnic-community.org\\\/index.php\\\/product\\\/location-table-de-mixage-djm-a9\\\/#primaryimage\",\"url\":\"https:\\\/\\\/i0.wp.com\\\/ethnic-community.org\\\/wp-content\\\/uploads\\\/2019\\\/02\\\/location-lyon-table-de-mixage-djm-a9.jpg?fit=1634%2C1200&ssl=1\",\"contentUrl\":\"https:\\\/\\\/i0.wp.com\\\/ethnic-community.org\\\/wp-content\\\/uploads\\\/2019\\\/02\\\/location-lyon-table-de-mixage-djm-a9.jpg?fit=1634%2C1200&ssl=1\",\"width\":1634,\"height\":1200},{\"@type\":\"BreadcrumbList\",\"@id\":\"https:\\\/\\\/ethnic-community.org\\\/index.php\\\/product\\\/location-table-de-mixage-djm-a9\\\/#breadcrumb\",\"itemListElement\":[{\"@type\":\"ListItem\",\"position\":1,\"name\":\"Home\",\"item\":\"https:\\\/\\\/ethnic-community.org\\\/\"},{\"@type\":\"ListItem\",\"position\":2,\"name\":\"Products\",\"item\":\"https:\\\/\\\/ethnic-community.org\\\/index.php\\\/shop\\\/\"},{\"@type\":\"ListItem\",\"position\":3,\"name\":\"Location table de mixage DJM A9\"}]},{\"@type\":\"WebSite\",\"@id\":\"https:\\\/\\\/ethnic-community.org\\\/#website\",\"url\":\"https:\\\/\\\/ethnic-community.org\\\/\",\"name\":\"Ethnic Community\",\"description\":\"Celebrate diversity through art and culture.\",\"publisher\":{\"@id\":\"https:\\\/\\\/ethnic-community.org\\\/#organization\"},\"potentialAction\":[{\"@type\":\"SearchAction\",\"target\":{\"@type\":\"EntryPoint\",\"urlTemplate\":\"https:\\\/\\\/ethnic-community.org\\\/?s={search_term_string}\"},\"query-input\":{\"@type\":\"PropertyValueSpecification\",\"valueRequired\":true,\"valueName\":\"search_term_string\"}}],\"inLanguage\":\"fr-FR\"},{\"@type\":\"Organization\",\"@id\":\"https:\\\/\\\/ethnic-community.org\\\/#organization\",\"name\":\"Ethnic Community\",\"url\":\"https:\\\/\\\/ethnic-community.org\\\/\",\"logo\":{\"@type\":\"ImageObject\",\"inLanguage\":\"fr-FR\",\"@id\":\"https:\\\/\\\/ethnic-community.org\\\/#\\\/schema\\\/logo\\\/image\\\/\",\"url\":\"https:\\\/\\\/i0.wp.com\\\/ethnic-community.org\\\/wp-content\\\/uploads\\\/2024\\\/07\\\/cropped-Logo-ETHNIC-1-2.png?fit=1467%2C1509&ssl=1\",\"contentUrl\":\"https:\\\/\\\/i0.wp.com\\\/ethnic-community.org\\\/wp-content\\\/uploads\\\/2024\\\/07\\\/cropped-Logo-ETHNIC-1-2.png?fit=1467%2C1509&ssl=1\",\"width\":1467,\"height\":1509,\"caption\":\"Ethnic Community\"},\"image\":{\"@id\":\"https:\\\/\\\/ethnic-community.org\\\/#\\\/schema\\\/logo\\\/image\\\/\"},\"sameAs\":[\"https:\\\/\\\/www.facebook.com\\\/ethniccommunity\",\"https:\\\/\\\/www.instagram.com\\\/ethnic_community\"]}]}<\/script>\n<!-- \/ Yoast SEO plugin. -->","yoast_head_json":{"title":"Location table de mixage DJM A9 - Ethnic Community","robots":{"index":"index","follow":"follow","max-snippet":"max-snippet:-1","max-image-preview":"max-image-preview:large","max-video-preview":"max-video-preview:-1"},"canonical":"https:\/\/ethnic-community.org\/index.php\/product\/location-table-de-mixage-djm-a9\/","og_locale":"fr_FR","og_type":"article","og_title":"Location table de mixage DJM A9 - Ethnic Community","og_description":"Lorem ipsum dolor sit amet, consectetur adipiscing elit. Nullam blandit hendrerit faucibus. Suspendisse hendrerit turpis dui, eget ultricies erat consequat ut. Sed ac velit iaculis.","og_url":"https:\/\/ethnic-community.org\/index.php\/product\/location-table-de-mixage-djm-a9\/","og_site_name":"Ethnic Community","article_publisher":"https:\/\/www.facebook.com\/ethniccommunity","article_modified_time":"2025-07-08T14:22:59+00:00","og_image":[{"width":1634,"height":1200,"url":"https:\/\/ethnic-community.org\/wp-content\/uploads\/2019\/02\/location-lyon-table-de-mixage-djm-a9.jpg","type":"image\/jpeg"}],"twitter_card":"summary_large_image","twitter_misc":{"Dur\u00e9e de lecture estim\u00e9e":"1 minute"},"schema":{"@context":"https:\/\/schema.org","@graph":[{"@type":"WebPage","@id":"https:\/\/ethnic-community.org\/index.php\/product\/location-table-de-mixage-djm-a9\/","url":"https:\/\/ethnic-community.org\/index.php\/product\/location-table-de-mixage-djm-a9\/","name":"Location table de mixage DJM A9 - Ethnic Community","isPartOf":{"@id":"https:\/\/ethnic-community.org\/#website"},"primaryImageOfPage":{"@id":"https:\/\/ethnic-community.org\/index.php\/product\/location-table-de-mixage-djm-a9\/#primaryimage"},"image":{"@id":"https:\/\/ethnic-community.org\/index.php\/product\/location-table-de-mixage-djm-a9\/#primaryimage"},"thumbnailUrl":"https:\/\/i0.wp.com\/ethnic-community.org\/wp-content\/uploads\/2019\/02\/location-lyon-table-de-mixage-djm-a9.jpg?fit=1634%2C1200&ssl=1","datePublished":"2019-02-17T10:40:59+00:00","dateModified":"2025-07-08T14:22:59+00:00","breadcrumb":{"@id":"https:\/\/ethnic-community.org\/index.php\/product\/location-table-de-mixage-djm-a9\/#breadcrumb"},"inLanguage":"fr-FR","potentialAction":[{"@type":"ReadAction","target":["https:\/\/ethnic-community.org\/index.php\/product\/location-table-de-mixage-djm-a9\/"]}]},{"@type":"ImageObject","inLanguage":"fr-FR","@id":"https:\/\/ethnic-community.org\/index.php\/product\/location-table-de-mixage-djm-a9\/#primaryimage","url":"https:\/\/i0.wp.com\/ethnic-community.org\/wp-content\/uploads\/2019\/02\/location-lyon-table-de-mixage-djm-a9.jpg?fit=1634%2C1200&ssl=1","contentUrl":"https:\/\/i0.wp.com\/ethnic-community.org\/wp-content\/uploads\/2019\/02\/location-lyon-table-de-mixage-djm-a9.jpg?fit=1634%2C1200&ssl=1","width":1634,"height":1200},{"@type":"BreadcrumbList","@id":"https:\/\/ethnic-community.org\/index.php\/product\/location-table-de-mixage-djm-a9\/#breadcrumb","itemListElement":[{"@type":"ListItem","position":1,"name":"Home","item":"https:\/\/ethnic-community.org\/"},{"@type":"ListItem","position":2,"name":"Products","item":"https:\/\/ethnic-community.org\/index.php\/shop\/"},{"@type":"ListItem","position":3,"name":"Location table de mixage DJM A9"}]},{"@type":"WebSite","@id":"https:\/\/ethnic-community.org\/#website","url":"https:\/\/ethnic-community.org\/","name":"Ethnic Community","description":"Celebrate diversity through art and culture.","publisher":{"@id":"https:\/\/ethnic-community.org\/#organization"},"potentialAction":[{"@type":"SearchAction","target":{"@type":"EntryPoint","urlTemplate":"https:\/\/ethnic-community.org\/?s={search_term_string}"},"query-input":{"@type":"PropertyValueSpecification","valueRequired":true,"valueName":"search_term_string"}}],"inLanguage":"fr-FR"},{"@type":"Organization","@id":"https:\/\/ethnic-community.org\/#organization","name":"Ethnic Community","url":"https:\/\/ethnic-community.org\/","logo":{"@type":"ImageObject","inLanguage":"fr-FR","@id":"https:\/\/ethnic-community.org\/#\/schema\/logo\/image\/","url":"https:\/\/i0.wp.com\/ethnic-community.org\/wp-content\/uploads\/2024\/07\/cropped-Logo-ETHNIC-1-2.png?fit=1467%2C1509&ssl=1","contentUrl":"https:\/\/i0.wp.com\/ethnic-community.org\/wp-content\/uploads\/2024\/07\/cropped-Logo-ETHNIC-1-2.png?fit=1467%2C1509&ssl=1","width":1467,"height":1509,"caption":"Ethnic Community"},"image":{"@id":"https:\/\/ethnic-community.org\/#\/schema\/logo\/image\/"},"sameAs":["https:\/\/www.facebook.com\/ethniccommunity","https:\/\/www.instagram.com\/ethnic_community"]}]}},"jetpack-related-posts":[],"jetpack_sharing_enabled":true,"_links":{"self":[{"href":"https:\/\/ethnic-community.org\/index.php\/wp-json\/wp\/v2\/product\/1092","targetHints":{"allow":["GET"]}}],"collection":[{"href":"https:\/\/ethnic-community.org\/index.php\/wp-json\/wp\/v2\/product"}],"about":[{"href":"https:\/\/ethnic-community.org\/index.php\/wp-json\/wp\/v2\/types\/product"}],"replies":[{"embeddable":true,"href":"https:\/\/ethnic-community.org\/index.php\/wp-json\/wp\/v2\/comments?post=1092"}],"wp:featuredmedia":[{"embeddable":true,"href":"https:\/\/ethnic-community.org\/index.php\/wp-json\/wp\/v2\/media\/5436"}],"wp:attachment":[{"href":"https:\/\/ethnic-community.org\/index.php\/wp-json\/wp\/v2\/media?parent=1092"}],"wp:term":[{"taxonomy":"product_brand","embeddable":true,"href":"https:\/\/ethnic-community.org\/index.php\/wp-json\/wp\/v2\/product_brand?post=1092"},{"taxonomy":"product_cat","embeddable":true,"href":"https:\/\/ethnic-community.org\/index.php\/wp-json\/wp\/v2\/product_cat?post=1092"},{"taxonomy":"product_tag","embeddable":true,"href":"https:\/\/ethnic-community.org\/index.php\/wp-json\/wp\/v2\/product_tag?post=1092"}],"curies":[{"name":"wp","href":"https:\/\/api.w.org\/{rel}","templated":true}]}}